{"id":132,"date":"2025-09-28T12:46:41","date_gmt":"2025-09-28T12:46:41","guid":{"rendered":"https:\/\/fisenf.e-vadis.com\/?page_id=132"},"modified":"2025-10-09T21:04:17","modified_gmt":"2025-10-09T21:04:17","slug":"fisioterapia-2","status":"publish","type":"page","link":"https:\/\/fisenf.e-vadis.com\/index.php\/fisioterapia-2\/","title":{"rendered":"Fisioterapia"},"content":{"rendered":"<p>[et_pb_section fb_built=\u00bb1&#8243; _builder_version=\u00bb4.27.4&#8243; _module_preset=\u00bbdefault\u00bb global_colors_info=\u00bb{}\u00bb][et_pb_row _builder_version=\u00bb4.27.4&#8243; _module_preset=\u00bbdefault\u00bb global_colors_info=\u00bb{}\u00bb][et_pb_column type=\u00bb4_4&#8243; _builder_version=\u00bb4.27.4&#8243; _module_preset=\u00bbdefault\u00bb global_colors_info=\u00bb{}\u00bb][et_pb_heading title=\u00bbnuestras especialidades\u00bb _builder_version=\u00bb4.27.4&#8243; _module_preset=\u00bbdefault\u00bb global_colors_info=\u00bb{}\u00bb][\/et_pb_heading][\/et_pb_column][\/et_pb_row][et_pb_row column_structure=\u00bb1_2,1_2&#8243; _builder_version=\u00bb4.27.4&#8243; _module_preset=\u00bbdefault\u00bb global_colors_info=\u00bb{}\u00bb][et_pb_column type=\u00bb1_2&#8243; _builder_version=\u00bb4.27.4&#8243; _module_preset=\u00bbdefault\u00bb global_colors_info=\u00bb{}\u00bb][et_pb_blurb title=\u00bbSERVICIOS DE FISIOTERAPIA\u00bb image=\u00bbdata:image\/svg+xml;base64,PHN2ZyB3aWR0aD0iMTA4MCIgaGVpZ2h0PSI1NDAiIHZpZXdCb3g9IjAgMCAxMDgwIDU0MCIgeG1sbnM9Imh0dHA6Ly93d3cudzMub3JnLzIwMDAvc3ZnIj4KICAgIDxnIGZpbGw9Im5vbmUiIGZpbGwtcnVsZT0iZXZlbm9kZCI+CiAgICAgICAgPHBhdGggZmlsbD0iI0VCRUJFQiIgZD0iTTAgMGgxMDgwdjU0MEgweiIvPgogICAgICAgIDxwYXRoIGQ9Ik00NDUuNjQ5IDU0MGgtOTguOTk1TDE0NC42NDkgMzM3Ljk5NSAwIDQ4Mi42NDR2LTk4Ljk5NWwxMTYuMzY1LTExNi4zNjVjMTUuNjItMTUuNjIgNDAuOTQ3LTE1LjYyIDU2LjU2OCAwTDQ0NS42NSA1NDB6IiBmaWxsLW9wYWNpdHk9Ii4xIiBmaWxsPSIjMDAwIiBmaWxsLXJ1bGU9Im5vbnplcm8iLz4KICAgICAgICA8Y2lyY2xlIGZpbGwtb3BhY2l0eT0iLjA1IiBmaWxsPSIjMDAwIiBjeD0iMzMxIiBjeT0iMTQ4IiByPSI3MCIvPgogICAgICAgIDxwYXRoIGQ9Ik0xMDgwIDM3OXYxMTMuMTM3TDcyOC4xNjIgMTQwLjMgMzI4LjQ2MiA1NDBIMjE1LjMyNEw2OTkuODc4IDU1LjQ0NmMxNS42Mi0xNS42MiA0MC45NDgtMTUuNjIgNTYuNTY4IDBMMTA4MCAzNzl6IiBmaWxsLW9wYWNpdHk9Ii4yIiBmaWxsPSIjMDAwIiBmaWxsLXJ1bGU9Im5vbnplcm8iLz4KICAgIDwvZz4KPC9zdmc+Cg==\u00bb _builder_version=\u00bb4.27.4&#8243; _module_preset=\u00bbdefault\u00bb global_colors_info=\u00bb{}\u00bb]<\/p>\n<ul>\n<li><strong>Fisioterapia traumatol\u00f3gica y ortop\u00e9dica:<\/strong> recuperaci\u00f3n de lesiones musculares, tendinosas, \u00f3seas y articulares.<\/li>\n<li><strong>Fisioterapia deportiva:<\/strong> prevenci\u00f3n y tratamiento de lesiones deportivas, readaptaci\u00f3n al esfuerzo.<\/li>\n<li><strong>Fisioterapia neurol\u00f3gica:<\/strong> rehabilitaci\u00f3n en pacientes con ictus, Parkinson, esclerosis m\u00faltiple, lesiones medulares, etc.<\/li>\n<li><strong>Fisioterapia respiratoria:<\/strong> t\u00e9cnicas para mejorar la capacidad pulmonar en ni\u00f1os y adultos (asma, EPOC, fibrosis qu\u00edstica).<\/li>\n<li><strong>Fisioterapia reumatol\u00f3gica:<\/strong> se centra en el tratamiento y la rehabilitaci\u00f3n de personas con <strong data-start=\"98\" data-end=\"125\">enfermedades reum\u00e1ticas<\/strong> (como artritis, artrosis o lupus), utilizando ejercicios, terapias manuales y t\u00e9cnicas f\u00edsicas para <strong data-start=\"226\" data-end=\"311\">reducir el dolor, mejorar la movilidad y mantener la funci\u00f3n articular y muscular<\/strong>.<\/li>\n<li><strong>Fisioterapia pedi\u00e1trica:<\/strong> estimulaci\u00f3n temprana, correcci\u00f3n de alteraciones motoras y posturales en ni\u00f1os.<\/li>\n<li><strong>Fisioterapia geri\u00e1trica:<\/strong> prevenci\u00f3n de ca\u00eddas, mejora de movilidad, dolor cr\u00f3nico.<\/li>\n<\/ul>\n<p>[\/et_pb_blurb][\/et_pb_column][et_pb_column type=\u00bb1_2&#8243; _builder_version=\u00bb4.27.4&#8243; _module_preset=\u00bbdefault\u00bb global_colors_info=\u00bb{}\u00bb][et_pb_blurb title=\u00bbTRATAMIENTOS Y T\u00c9CNICAS COMPLEMENTARIAS\u00bb image=\u00bbdata:image\/svg+xml;base64,PHN2ZyB3aWR0aD0iMTA4MCIgaGVpZ2h0PSI1NDAiIHZpZXdCb3g9IjAgMCAxMDgwIDU0MCIgeG1sbnM9Imh0dHA6Ly93d3cudzMub3JnLzIwMDAvc3ZnIj4KICAgIDxnIGZpbGw9Im5vbmUiIGZpbGwtcnVsZT0iZXZlbm9kZCI+CiAgICAgICAgPHBhdGggZmlsbD0iI0VCRUJFQiIgZD0iTTAgMGgxMDgwdjU0MEgweiIvPgogICAgICAgIDxwYXRoIGQ9Ik00NDUuNjQ5IDU0MGgtOTguOTk1TDE0NC42NDkgMzM3Ljk5NSAwIDQ4Mi42NDR2LTk4Ljk5NWwxMTYuMzY1LTExNi4zNjVjMTUuNjItMTUuNjIgNDAuOTQ3LTE1LjYyIDU2LjU2OCAwTDQ0NS42NSA1NDB6IiBmaWxsLW9wYWNpdHk9Ii4xIiBmaWxsPSIjMDAwIiBmaWxsLXJ1bGU9Im5vbnplcm8iLz4KICAgICAgICA8Y2lyY2xlIGZpbGwtb3BhY2l0eT0iLjA1IiBmaWxsPSIjMDAwIiBjeD0iMzMxIiBjeT0iMTQ4IiByPSI3MCIvPgogICAgICAgIDxwYXRoIGQ9Ik0xMDgwIDM3OXYxMTMuMTM3TDcyOC4xNjIgMTQwLjMgMzI4LjQ2MiA1NDBIMjE1LjMyNEw2OTkuODc4IDU1LjQ0NmMxNS42Mi0xNS42MiA0MC45NDgtMTUuNjIgNTYuNTY4IDBMMTA4MCAzNzl6IiBmaWxsLW9wYWNpdHk9Ii4yIiBmaWxsPSIjMDAwIiBmaWxsLXJ1bGU9Im5vbnplcm8iLz4KICAgIDwvZz4KPC9zdmc+Cg==\u00bb _builder_version=\u00bb4.27.4&#8243; _module_preset=\u00bbdefault\u00bb global_colors_info=\u00bb{}\u00bb]<\/p>\n<ul>\n<li><strong>Electroterapia y ultrasonidos.<\/strong><\/li>\n<li><strong>Terapia manual y masoterapia.<\/strong><\/li>\n<li><strong>Drenaje linf\u00e1tico manual.<\/strong><\/li>\n<li><strong>Punci\u00f3n seca<\/strong> para puntos gatillo.<\/li>\n<li><strong>Kinesiotaping<\/strong> (vendaje neuromuscular).<\/li>\n<li><strong>Reeducaci\u00f3n postural global (RPG).<\/strong><\/li>\n<li><strong>Pilates terap\u00e9utico \/ ejercicio terap\u00e9utico.<\/strong><\/li>\n<li><strong>Entrenamiento de fuerza.<\/strong><\/li>\n<li><strong>Entrenamiento de la marcha.<\/strong><\/li>\n<li><strong>Prevenci\u00f3n de ca\u00eddas.<\/strong><\/li>\n<li><strong>Entrenamiento espec\u00edfico del deporte.<\/strong><\/li>\n<li><strong>Ejercicios estructurados.<\/strong><\/li>\n<li><strong>Entrenamiento del control neuromuscular.<\/strong><\/li>\n<li><strong>Entrenamiento ergon\u00f3mico.<\/strong><\/li>\n<li><strong>Entrenamiento del equilibrio.<\/strong><\/li>\n<li><strong>Movilizaci\u00f3n articular.<\/strong><\/li>\n<li><strong>Terapia de liberaci\u00f3n miofascial.<\/strong><\/li>\n<\/ul>\n<p>[\/et_pb_blurb][\/et_pb_column][\/et_pb_row][et_pb_row column_structure=\u00bb1_2,1_2&#8243; _builder_version=\u00bb4.27.4&#8243; _module_preset=\u00bbdefault\u00bb global_colors_info=\u00bb{}\u00bb][et_pb_column type=\u00bb1_2&#8243; _builder_version=\u00bb4.27.4&#8243; _module_preset=\u00bbdefault\u00bb global_colors_info=\u00bb{}\u00bb][et_pb_blurb title=\u00bb\u00c1REAS DE ESPECIALIZACI\u00d3N\u00bb image=\u00bbdata:image\/svg+xml;base64,PHN2ZyB3aWR0aD0iMTA4MCIgaGVpZ2h0PSI1NDAiIHZpZXdCb3g9IjAgMCAxMDgwIDU0MCIgeG1sbnM9Imh0dHA6Ly93d3cudzMub3JnLzIwMDAvc3ZnIj4KICAgIDxnIGZpbGw9Im5vbmUiIGZpbGwtcnVsZT0iZXZlbm9kZCI+CiAgICAgICAgPHBhdGggZmlsbD0iI0VCRUJFQiIgZD0iTTAgMGgxMDgwdjU0MEgweiIvPgogICAgICAgIDxwYXRoIGQ9Ik00NDUuNjQ5IDU0MGgtOTguOTk1TDE0NC42NDkgMzM3Ljk5NSAwIDQ4Mi42NDR2LTk4Ljk5NWwxMTYuMzY1LTExNi4zNjVjMTUuNjItMTUuNjIgNDAuOTQ3LTE1LjYyIDU2LjU2OCAwTDQ0NS42NSA1NDB6IiBmaWxsLW9wYWNpdHk9Ii4xIiBmaWxsPSIjMDAwIiBmaWxsLXJ1bGU9Im5vbnplcm8iLz4KICAgICAgICA8Y2lyY2xlIGZpbGwtb3BhY2l0eT0iLjA1IiBmaWxsPSIjMDAwIiBjeD0iMzMxIiBjeT0iMTQ4IiByPSI3MCIvPgogICAgICAgIDxwYXRoIGQ9Ik0xMDgwIDM3OXYxMTMuMTM3TDcyOC4xNjIgMTQwLjMgMzI4LjQ2MiA1NDBIMjE1LjMyNEw2OTkuODc4IDU1LjQ0NmMxNS42Mi0xNS42MiA0MC45NDgtMTUuNjIgNTYuNTY4IDBMMTA4MCAzNzl6IiBmaWxsLW9wYWNpdHk9Ii4yIiBmaWxsPSIjMDAwIiBmaWxsLXJ1bGU9Im5vbnplcm8iLz4KICAgIDwvZz4KPC9zdmc+Cg==\u00bb _builder_version=\u00bb4.27.4&#8243; _module_preset=\u00bbdefault\u00bb global_colors_info=\u00bb{}\u00bb]<\/p>\n<ul>\n<li><strong>Rehabilitaci\u00f3n f\u00edsica: <\/strong>restablecer la funci\u00f3n de diversas partes del cuerpo (columna vertebral, nervios, ligamentos, m\u00fasculos).<\/li>\n<li><strong>Rehabilitaci\u00f3n postquir\u00fargica:<\/strong> pr\u00f3tesis de cadera\/rodilla, cirug\u00edas ortop\u00e9dicas.<\/li>\n<li><strong>Fisioterapia laboral:<\/strong> ergonom\u00eda, prevenci\u00f3n de lesiones en trabajadores.<\/li>\n<li><strong>Dolor cr\u00f3nico:<\/strong> programas para fibromialgia, artritis, artrosis.<\/li>\n<\/ul>\n<p>[\/et_pb_blurb][\/et_pb_column][et_pb_column type=\u00bb1_2&#8243; _builder_version=\u00bb4.27.4&#8243; _module_preset=\u00bbdefault\u00bb global_colors_info=\u00bb{}\u00bb][et_pb_blurb title=\u00bbSERVICIOS A\u00d1ADIDOS\u00bb image=\u00bbdata:image\/svg+xml;base64,PHN2ZyB3aWR0aD0iMTA4MCIgaGVpZ2h0PSI1NDAiIHZpZXdCb3g9IjAgMCAxMDgwIDU0MCIgeG1sbnM9Imh0dHA6Ly93d3cudzMub3JnLzIwMDAvc3ZnIj4KICAgIDxnIGZpbGw9Im5vbmUiIGZpbGwtcnVsZT0iZXZlbm9kZCI+CiAgICAgICAgPHBhdGggZmlsbD0iI0VCRUJFQiIgZD0iTTAgMGgxMDgwdjU0MEgweiIvPgogICAgICAgIDxwYXRoIGQ9Ik00NDUuNjQ5IDU0MGgtOTguOTk1TDE0NC42NDkgMzM3Ljk5NSAwIDQ4Mi42NDR2LTk4Ljk5NWwxMTYuMzY1LTExNi4zNjVjMTUuNjItMTUuNjIgNDAuOTQ3LTE1LjYyIDU2LjU2OCAwTDQ0NS42NSA1NDB6IiBmaWxsLW9wYWNpdHk9Ii4xIiBmaWxsPSIjMDAwIiBmaWxsLXJ1bGU9Im5vbnplcm8iLz4KICAgICAgICA8Y2lyY2xlIGZpbGwtb3BhY2l0eT0iLjA1IiBmaWxsPSIjMDAwIiBjeD0iMzMxIiBjeT0iMTQ4IiByPSI3MCIvPgogICAgICAgIDxwYXRoIGQ9Ik0xMDgwIDM3OXYxMTMuMTM3TDcyOC4xNjIgMTQwLjMgMzI4LjQ2MiA1NDBIMjE1LjMyNEw2OTkuODc4IDU1LjQ0NmMxNS42Mi0xNS42MiA0MC45NDgtMTUuNjIgNTYuNTY4IDBMMTA4MCAzNzl6IiBmaWxsLW9wYWNpdHk9Ii4yIiBmaWxsPSIjMDAwIiBmaWxsLXJ1bGU9Im5vbnplcm8iLz4KICAgIDwvZz4KPC9zdmc+Cg==\u00bb _builder_version=\u00bb4.27.4&#8243; _module_preset=\u00bbdefault\u00bb global_colors_info=\u00bb{}\u00bb]<\/p>\n<ul>\n<li>Talleres de <strong>educaci\u00f3n postural<\/strong> y ergonom\u00eda.<\/li>\n<li>Programas de <strong>prevenci\u00f3n de lesiones deportivas.<\/strong><\/li>\n<li><strong>Ejercicio f\u00edsico.<\/strong><\/li>\n<li><strong>Servicio a domicilio<\/strong> para pacientes con movilidad reducida.<\/li>\n<\/ul>\n<p>[\/et_pb_blurb][\/et_pb_column][\/et_pb_row][\/et_pb_section]<\/p>\n","protected":false},"excerpt":{"rendered":"<p>Fisioterapia traumatol\u00f3gica y ortop\u00e9dica: recuperaci\u00f3n de lesiones musculares, tendinosas, \u00f3seas y articulares. Fisioterapia deportiva: prevenci\u00f3n y tratamiento de lesiones deportivas, readaptaci\u00f3n al esfuerzo. Fisioterapia neurol\u00f3gica: rehabilitaci\u00f3n en pacientes con ictus, Parkinson, esclerosis m\u00faltiple, lesiones medulares, etc. Fisioterapia respiratoria: t\u00e9cnicas para mejorar la capacidad pulmonar en ni\u00f1os y adultos (asma, EPOC, fibrosis qu\u00edstica). Fisioterapia reumatol\u00f3gica: se [&hellip;]<\/p>\n","protected":false},"author":1,"featured_media":0,"parent":0,"menu_order":0,"comment_status":"closed","ping_status":"closed","template":"","meta":{"_et_pb_use_builder":"on","_et_pb_old_content":"","_et_gb_content_width":"","footnotes":""},"class_list":["post-132","page","type-page","status-publish","hentry"],"_links":{"self":[{"href":"https:\/\/fisenf.e-vadis.com\/index.php\/wp-json\/wp\/v2\/pages\/132","targetHints":{"allow":["GET"]}}],"collection":[{"href":"https:\/\/fisenf.e-vadis.com\/index.php\/wp-json\/wp\/v2\/pages"}],"about":[{"href":"https:\/\/fisenf.e-vadis.com\/index.php\/wp-json\/wp\/v2\/types\/page"}],"author":[{"embeddable":true,"href":"https:\/\/fisenf.e-vadis.com\/index.php\/wp-json\/wp\/v2\/users\/1"}],"replies":[{"embeddable":true,"href":"https:\/\/fisenf.e-vadis.com\/index.php\/wp-json\/wp\/v2\/comments?post=132"}],"version-history":[{"count":10,"href":"https:\/\/fisenf.e-vadis.com\/index.php\/wp-json\/wp\/v2\/pages\/132\/revisions"}],"predecessor-version":[{"id":174,"href":"https:\/\/fisenf.e-vadis.com\/index.php\/wp-json\/wp\/v2\/pages\/132\/revisions\/174"}],"wp:attachment":[{"href":"https:\/\/fisenf.e-vadis.com\/index.php\/wp-json\/wp\/v2\/media?parent=132"}],"curies":[{"name":"wp","href":"https:\/\/api.w.org\/{rel}","templated":true}]}}